{"id":3605,"date":"2021-11-21T15:14:41","date_gmt":"2021-11-21T15:14:41","guid":{"rendered":"https:\/\/guyatrad.fr\/index.php\/services\/"},"modified":"2025-02-07T17:00:55","modified_gmt":"2025-02-07T21:00:55","slug":"nos-services","status":"publish","type":"page","link":"https:\/\/guyatrad.fr\/index.php\/nos-services\/","title":{"rendered":"Nos services"},"content":{"rendered":"\t\t<div data-elementor-type=\"wp-page\" data-elementor-id=\"3605\" class=\"elementor elementor-3605\">\n\t\t\t\t<div class=\"elementor-element elementor-element-c93912a e-flex e-con-boxed e-con e-parent\" data-id=\"c93912a\" data-element_type=\"container\" data-e-type=\"container\" data-settings=\"{&quot;background_background&quot;:&quot;classic&quot;}\">\n\t\t\t\t\t<div class=\"e-con-inner\">\n\t\t\t\t<div class=\"elementor-element elementor-element-f927337 elementor-widget elementor-widget-heading\" data-id=\"f927337\" data-element_type=\"widget\" data-e-type=\"widget\" data-widget_type=\"heading.default\">\n\t\t\t\t<div class=\"elementor-widget-container\">\n\t\t\t\t\t<h1 class=\"elementor-heading-title elementor-size-default\">Nos services<\/h1>\t\t\t\t<\/div>\n\t\t\t\t<\/div>\n\t\t\t\t\t<\/div>\n\t\t\t\t<\/div>\n\t\t<div class=\"elementor-element elementor-element-4fa9149 e-flex e-con-boxed e-con e-parent\" data-id=\"4fa9149\" data-element_type=\"container\" data-e-type=\"container\" data-settings=\"{&quot;background_background&quot;:&quot;classic&quot;}\">\n\t\t\t\t\t<div class=\"e-con-inner\">\n\t\t<div class=\"elementor-element elementor-element-7f676a8 e-con-full e-flex e-con e-child\" data-id=\"7f676a8\" data-element_type=\"container\" data-e-type=\"container\">\n\t\t<div class=\"elementor-element elementor-element-8dea070 e-con-full e-flex e-con e-child\" data-id=\"8dea070\" data-element_type=\"container\" data-e-type=\"container\">\n\t\t\t\t<div class=\"elementor-element elementor-element-e84a49c elementor-widget elementor-widget-image\" data-id=\"e84a49c\" data-element_type=\"widget\" data-e-type=\"widget\" data-widget_type=\"image.default\">\n\t\t\t\t<div class=\"elementor-widget-container\">\n\t\t\t\t\t\t\t\t\t\t\t\t\t\t\t<img fetchpriority=\"high\" decoding=\"async\" width=\"2560\" height=\"1707\" src=\"https:\/\/guyatrad.fr\/wp-content\/uploads\/2023\/12\/shutterstock_1907177911-scaled.jpg\" class=\"attachment-full size-full wp-image-4383\" alt=\"\" srcset=\"https:\/\/guyatrad.fr\/wp-content\/uploads\/2023\/12\/shutterstock_1907177911-scaled.jpg 2560w, https:\/\/guyatrad.fr\/wp-content\/uploads\/2023\/12\/shutterstock_1907177911-300x200.jpg 300w, https:\/\/guyatrad.fr\/wp-content\/uploads\/2023\/12\/shutterstock_1907177911-1024x683.jpg 1024w, https:\/\/guyatrad.fr\/wp-content\/uploads\/2023\/12\/shutterstock_1907177911-768x512.jpg 768w, https:\/\/guyatrad.fr\/wp-content\/uploads\/2023\/12\/shutterstock_1907177911-1536x1024.jpg 1536w, https:\/\/guyatrad.fr\/wp-content\/uploads\/2023\/12\/shutterstock_1907177911-2048x1365.jpg 2048w\" sizes=\"(max-width: 2560px) 100vw, 2560px\" \/>\t\t\t\t\t\t\t\t\t\t\t\t\t\t\t<\/div>\n\t\t\t\t<\/div>\n\t\t\t\t<\/div>\n\t\t<div class=\"elementor-element elementor-element-b76b6ed e-con-full e-flex e-con e-child\" data-id=\"b76b6ed\" data-element_type=\"container\" data-e-type=\"container\">\n\t\t\t\t<div class=\"elementor-element elementor-element-7488097 elementor-widget elementor-widget-heading\" data-id=\"7488097\" data-element_type=\"widget\" data-e-type=\"widget\" data-widget_type=\"heading.default\">\n\t\t\t\t<div class=\"elementor-widget-container\">\n\t\t\t\t\t<h3 class=\"elementor-heading-title elementor-size-default\">Traductions certifi\u00e9es et libres<\/h3>\t\t\t\t<\/div>\n\t\t\t\t<\/div>\n\t\t\t\t<div class=\"elementor-element elementor-element-5561a26 elementor-widget elementor-widget-text-editor\" data-id=\"5561a26\" data-element_type=\"widget\" data-e-type=\"widget\" data-widget_type=\"text-editor.default\">\n\t\t\t\t<div class=\"elementor-widget-container\">\n\t\t\t\t\t\t\t\t\t<p><b><u>Certifi\u00e9es<\/u><\/b><\/p><p>Chez Guya&rsquo;Trad les traducteurs experts judiciaires asserment\u00e9s r\u00e9alisent la traduction certifi\u00e9e de vos documents juridiques, commerciaux, professionnels, etc.<\/p>\t\t\t\t\t\t\t\t<\/div>\n\t\t\t\t<\/div>\n\t\t\t\t<div class=\"elementor-element elementor-element-6b3964b elementor-widget elementor-widget-text-editor\" data-id=\"6b3964b\" data-element_type=\"widget\" data-e-type=\"widget\" data-widget_type=\"text-editor.default\">\n\t\t\t\t<div class=\"elementor-widget-container\">\n\t\t\t\t\t\t\t\t\t<p>Les traductions certifi\u00e9es sont propos\u00e9es dans les langues arabes, en anglais, portugais, chinois, n\u00e9erlandais, cr\u00e9ole d\u2019Ha\u00efti, sranan tongo, espagnol, italien, allemand, ainsi que les langues du fleuve (Aluku \/ Ndjuka \/ Saramacca).<\/p>\t\t\t\t\t\t\t\t<\/div>\n\t\t\t\t<\/div>\n\t\t\t\t<div class=\"elementor-element elementor-element-5de9e75 elementor-widget elementor-widget-text-editor\" data-id=\"5de9e75\" data-element_type=\"widget\" data-e-type=\"widget\" data-widget_type=\"text-editor.default\">\n\t\t\t\t<div class=\"elementor-widget-container\">\n\t\t\t\t\t\t\t\t\t<p><span style=\"text-decoration: underline;\"><strong>Libres<\/strong><\/span><\/p><p>Les traductions libres se rapportent \u00e0 tous types de textes ou documents n\u2019ayant pas de valeur officielle. Dans de tels cas une traduction certifi\u00e9e ne sera pas n\u00e9cessaire.\u00a0<\/p><p>Le traducteur\u00a0devra poss\u00e9der de solides comp\u00e9tences dans le domaine dans lequel il interviendra; il\u00a0partira d\u2019une langue source et fournira les travaux dans la langue cible attendue.<\/p>\t\t\t\t\t\t\t\t<\/div>\n\t\t\t\t<\/div>\n\t\t\t\t<div class=\"elementor-element elementor-element-44a12a7 elementor-widget elementor-widget-text-editor\" data-id=\"44a12a7\" data-element_type=\"widget\" data-e-type=\"widget\" data-widget_type=\"text-editor.default\">\n\t\t\t\t<div class=\"elementor-widget-container\">\n\t\t\t\t\t\t\t\t\t<p>Chez Guya&rsquo;Trad, en plus de la prise en charge de vos traductions certifi\u00e9es et libres, nous traduisons vos\u00a0supports marketing et publicitaires, vos\u00a0notices explicatives, les\u00a0documents techniques, m\u00e9dicaux,\u00a0 juridiques, etc<\/p><p>Les traductions sont propos\u00e9es en portugais, anglais, en langues am\u00e9rindiennes et arabes, en langues des signes, en cr\u00e9ole de Guyane, chinois, sranan tongo, cr\u00e9ole d\u2019Ha\u00efti, n\u00e9erlandais, espagnol et les langues du fleuve (aluku \/ ndjuka \/ saramacca).<\/p>\t\t\t\t\t\t\t\t<\/div>\n\t\t\t\t<\/div>\n\t\t\t\t<div class=\"elementor-element elementor-element-5bfc95f elementor-widget elementor-widget-text-editor\" data-id=\"5bfc95f\" data-element_type=\"widget\" data-e-type=\"widget\" data-widget_type=\"text-editor.default\">\n\t\t\t\t<div class=\"elementor-widget-container\">\n\t\t\t\t\t\t\t\t\t<p><em>Pour toute demande de traduction en urgence nous vous recommandons de nous contacter par t\u00e9l\u00e9phone au 0694251335.\u00a0<\/em><\/p><p><em>Une majoration de 20% est appliqu\u00e9e lors de traitement r\u00e9alis\u00e9 en urgence<\/em><\/p><p><em>*Prestations uniquement \u00e0 destination des professionnels<\/em><\/p>\t\t\t\t\t\t\t\t<\/div>\n\t\t\t\t<\/div>\n\t\t\t\t<div class=\"elementor-element elementor-element-c52829b elementor-mobile-align-justify elementor-widget-mobile__width-inherit elementor-widget elementor-widget-button\" data-id=\"c52829b\" data-element_type=\"widget\" data-e-type=\"widget\" data-widget_type=\"button.default\">\n\t\t\t\t<div class=\"elementor-widget-container\">\n\t\t\t\t\t\t\t\t\t<div class=\"elementor-button-wrapper\">\n\t\t\t\t\t<a class=\"elementor-button elementor-button-link elementor-size-sm\" href=\"http:\/\/guyatrad.fr\/index.php\/formulaire-de-contact\/\">\n\t\t\t\t\t\t<span class=\"elementor-button-content-wrapper\">\n\t\t\t\t\t\t\t\t\t<span class=\"elementor-button-text\">Nous contacter pour en savoir plus<\/span>\n\t\t\t\t\t<\/span>\n\t\t\t\t\t<\/a>\n\t\t\t\t<\/div>\n\t\t\t\t\t\t\t\t<\/div>\n\t\t\t\t<\/div>\n\t\t\t\t<\/div>\n\t\t\t\t<\/div>\n\t\t\t\t\t<\/div>\n\t\t\t\t<\/div>\n\t\t<div class=\"elementor-element elementor-element-fea1845 e-flex e-con-boxed e-con e-parent\" data-id=\"fea1845\" data-element_type=\"container\" data-e-type=\"container\" data-settings=\"{&quot;background_background&quot;:&quot;classic&quot;}\">\n\t\t\t\t\t<div class=\"e-con-inner\">\n\t\t<div class=\"elementor-element elementor-element-287cae9 e-con-full e-flex e-con e-child\" data-id=\"287cae9\" data-element_type=\"container\" data-e-type=\"container\">\n\t\t<div class=\"elementor-element elementor-element-f9717e5 e-con-full e-flex e-con e-child\" data-id=\"f9717e5\" data-element_type=\"container\" data-e-type=\"container\">\n\t\t\t\t<div class=\"elementor-element elementor-element-09d425b elementor-widget elementor-widget-image\" data-id=\"09d425b\" data-element_type=\"widget\" data-e-type=\"widget\" data-widget_type=\"image.default\">\n\t\t\t\t<div class=\"elementor-widget-container\">\n\t\t\t\t\t\t\t\t\t\t\t\t\t\t\t<img decoding=\"async\" width=\"2560\" height=\"1707\" src=\"https:\/\/guyatrad.fr\/wp-content\/uploads\/2023\/12\/shutterstock_1438937498-scaled.jpg\" class=\"attachment-full size-full wp-image-4384\" alt=\"\" srcset=\"https:\/\/guyatrad.fr\/wp-content\/uploads\/2023\/12\/shutterstock_1438937498-scaled.jpg 2560w, https:\/\/guyatrad.fr\/wp-content\/uploads\/2023\/12\/shutterstock_1438937498-300x200.jpg 300w, https:\/\/guyatrad.fr\/wp-content\/uploads\/2023\/12\/shutterstock_1438937498-1024x683.jpg 1024w, https:\/\/guyatrad.fr\/wp-content\/uploads\/2023\/12\/shutterstock_1438937498-768x512.jpg 768w, https:\/\/guyatrad.fr\/wp-content\/uploads\/2023\/12\/shutterstock_1438937498-1536x1024.jpg 1536w, https:\/\/guyatrad.fr\/wp-content\/uploads\/2023\/12\/shutterstock_1438937498-2048x1365.jpg 2048w\" sizes=\"(max-width: 2560px) 100vw, 2560px\" \/>\t\t\t\t\t\t\t\t\t\t\t\t\t\t\t<\/div>\n\t\t\t\t<\/div>\n\t\t\t\t<\/div>\n\t\t<div class=\"elementor-element elementor-element-a86baab e-con-full e-flex e-con e-child\" data-id=\"a86baab\" data-element_type=\"container\" data-e-type=\"container\">\n\t\t\t\t<div class=\"elementor-element elementor-element-8193b80 elementor-widget elementor-widget-heading\" data-id=\"8193b80\" data-element_type=\"widget\" data-e-type=\"widget\" data-widget_type=\"heading.default\">\n\t\t\t\t<div class=\"elementor-widget-container\">\n\t\t\t\t\t<h3 class=\"elementor-heading-title elementor-size-default\">Interpr\u00e9tariat<\/h3>\t\t\t\t<\/div>\n\t\t\t\t<\/div>\n\t\t\t\t<div class=\"elementor-element elementor-element-f69470b elementor-widget elementor-widget-text-editor\" data-id=\"f69470b\" data-element_type=\"widget\" data-e-type=\"widget\" data-widget_type=\"text-editor.default\">\n\t\t\t\t<div class=\"elementor-widget-container\">\n\t\t\t\t\t\t\t\t\t<p><span style=\"text-decoration: underline;\"><strong>Interpr\u00e9tariat <\/strong><\/span><\/p><p>Guya&rsquo;Trad assure des missions d\u2019interpr\u00e9tariat\u00a0en pr\u00e9sentiel ou en distanciel.<\/p>\t\t\t\t\t\t\t\t<\/div>\n\t\t\t\t<\/div>\n\t\t\t\t<div class=\"elementor-element elementor-element-e777b32 elementor-widget elementor-widget-text-editor\" data-id=\"e777b32\" data-element_type=\"widget\" data-e-type=\"widget\" data-widget_type=\"text-editor.default\">\n\t\t\t\t<div class=\"elementor-widget-container\">\n\t\t\t\t\t\t\t\t\t<p>Les prestations d&rsquo;interpr\u00e9tariat sont principalement \u00e0 destination des professionnels des structures du secteur public et priv\u00e9.\u00a0<\/p><p>L\u2018interpr\u00e9tariat est propos\u00e9 en sranan tongo, le cr\u00e9ole d\u2019Ha\u00efti, en n\u00e9erlandais, en portugais, dans les langues arabes et am\u00e9rindiennes, les langues des signes, le cr\u00e9ole de Guyane, en espagnol, en anglais et les langues du fleuve (aluku \/ ndjuka \/ saramacca).\u00a0<\/p><p>Sur \u00e9tude de dossier et apr\u00e8s analyse de la demande, Guya&rsquo;Trad peut valider une mission d&rsquo;interpr\u00e9tariat \u00e0 l&rsquo;attention d&rsquo;un particulier.\u00a0<\/p><div>*<em>Afin d\u2019\u00e9tablir un devis adapt\u00e9 et dans le souci de la qualit\u00e9 de notre travail les supports qui serviront lors de l\u2019intervention devront \u00eatre fournis au minimum 1 mois \u00e0 l\u2019avance; ces documents resteront confidentiels.\u00a0<\/em><\/div><div><em>**Les termes de cette condition peuvent varier en fonction de la prestation.<\/em><\/div>\t\t\t\t\t\t\t\t<\/div>\n\t\t\t\t<\/div>\n\t\t\t\t<div class=\"elementor-element elementor-element-fe17450 elementor-mobile-align-justify elementor-widget-mobile__width-inherit elementor-widget elementor-widget-button\" data-id=\"fe17450\" data-element_type=\"widget\" data-e-type=\"widget\" data-widget_type=\"button.default\">\n\t\t\t\t<div class=\"elementor-widget-container\">\n\t\t\t\t\t\t\t\t\t<div class=\"elementor-button-wrapper\">\n\t\t\t\t\t<a class=\"elementor-button elementor-button-link elementor-size-sm\" href=\"http:\/\/guyatrad.fr\/index.php\/formulaire-de-contact\/\">\n\t\t\t\t\t\t<span class=\"elementor-button-content-wrapper\">\n\t\t\t\t\t\t\t\t\t<span class=\"elementor-button-text\">Nous contacter pour en savoir plus<\/span>\n\t\t\t\t\t<\/span>\n\t\t\t\t\t<\/a>\n\t\t\t\t<\/div>\n\t\t\t\t\t\t\t\t<\/div>\n\t\t\t\t<\/div>\n\t\t\t\t<\/div>\n\t\t\t\t<\/div>\n\t\t\t\t\t<\/div>\n\t\t\t\t<\/div>\n\t\t<div class=\"elementor-element elementor-element-f38392b e-flex e-con-boxed e-con e-parent\" data-id=\"f38392b\" data-element_type=\"container\" data-e-type=\"container\" data-settings=\"{&quot;background_background&quot;:&quot;classic&quot;}\">\n\t\t\t\t\t<div class=\"e-con-inner\">\n\t\t<div class=\"elementor-element elementor-element-771577b e-con-full e-flex e-con e-child\" data-id=\"771577b\" data-element_type=\"container\" data-e-type=\"container\">\n\t\t<div class=\"elementor-element elementor-element-9533482 e-con-full e-flex e-con e-child\" data-id=\"9533482\" data-element_type=\"container\" data-e-type=\"container\">\n\t\t\t\t<div class=\"elementor-element elementor-element-8761e8c elementor-widget elementor-widget-image\" data-id=\"8761e8c\" data-element_type=\"widget\" data-e-type=\"widget\" data-widget_type=\"image.default\">\n\t\t\t\t<div class=\"elementor-widget-container\">\n\t\t\t\t\t\t\t\t\t\t\t\t\t\t\t<img decoding=\"async\" width=\"2560\" height=\"1707\" src=\"https:\/\/guyatrad.fr\/wp-content\/uploads\/2023\/12\/shutterstock_1733598122-scaled.jpg\" class=\"attachment-full size-full wp-image-4385\" alt=\"\" srcset=\"https:\/\/guyatrad.fr\/wp-content\/uploads\/2023\/12\/shutterstock_1733598122-scaled.jpg 2560w, https:\/\/guyatrad.fr\/wp-content\/uploads\/2023\/12\/shutterstock_1733598122-300x200.jpg 300w, https:\/\/guyatrad.fr\/wp-content\/uploads\/2023\/12\/shutterstock_1733598122-1024x683.jpg 1024w, https:\/\/guyatrad.fr\/wp-content\/uploads\/2023\/12\/shutterstock_1733598122-768x512.jpg 768w, https:\/\/guyatrad.fr\/wp-content\/uploads\/2023\/12\/shutterstock_1733598122-1536x1024.jpg 1536w, https:\/\/guyatrad.fr\/wp-content\/uploads\/2023\/12\/shutterstock_1733598122-2048x1365.jpg 2048w\" sizes=\"(max-width: 2560px) 100vw, 2560px\" \/>\t\t\t\t\t\t\t\t\t\t\t\t\t\t\t<\/div>\n\t\t\t\t<\/div>\n\t\t\t\t<\/div>\n\t\t<div class=\"elementor-element elementor-element-cffba5b e-con-full e-flex e-con e-child\" data-id=\"cffba5b\" data-element_type=\"container\" data-e-type=\"container\">\n\t\t\t\t<div class=\"elementor-element elementor-element-62ae438 elementor-widget elementor-widget-heading\" data-id=\"62ae438\" data-element_type=\"widget\" data-e-type=\"widget\" data-widget_type=\"heading.default\">\n\t\t\t\t<div class=\"elementor-widget-container\">\n\t\t\t\t\t<h3 class=\"elementor-heading-title elementor-size-default\">Support administratif<\/h3>\t\t\t\t<\/div>\n\t\t\t\t<\/div>\n\t\t\t\t<div class=\"elementor-element elementor-element-0500661 elementor-widget elementor-widget-text-editor\" data-id=\"0500661\" data-element_type=\"widget\" data-e-type=\"widget\" data-widget_type=\"text-editor.default\">\n\t\t\t\t<div class=\"elementor-widget-container\">\n\t\t\t\t\t\t\t\t\t<p><span style=\"text-decoration: underline;\"><strong>Relecture et r\u00e9\u00e9criture<\/strong><\/span>\u00a0<\/p><p>Nous assurons la v\u00e9rification de textes traduits que vous nous fournissez. Nous en r\u00e9alisons la relecture, les modifications si n\u00e9cessaires ainsi que la r\u00e9\u00e9criture du fichier transmis. Les travaux sont r\u00e9alis\u00e9s par des traducteurs experts dans leur domaine de comp\u00e9tence.\u00a0<\/p><p>La relecture et la r\u00e9\u00e9criture sont propos\u00e9es en sranan tongo, anglais, n\u00e9erlandais, cr\u00e9ole d&rsquo;Ha\u00efti et de la Guyane, portugais, espagnol, les langues am\u00e9rindiennes et arabes, les langues du fleuve (aluku, ndjuka, saramacca), cr\u00e9ole de Guyane.\u00a0<\/p>\t\t\t\t\t\t\t\t<\/div>\n\t\t\t\t<\/div>\n\t\t\t\t<div class=\"elementor-element elementor-element-4e9136e elementor-mobile-align-justify elementor-widget-mobile__width-inherit elementor-widget elementor-widget-button\" data-id=\"4e9136e\" data-element_type=\"widget\" data-e-type=\"widget\" data-widget_type=\"button.default\">\n\t\t\t\t<div class=\"elementor-widget-container\">\n\t\t\t\t\t\t\t\t\t<div class=\"elementor-button-wrapper\">\n\t\t\t\t\t<a class=\"elementor-button elementor-button-link elementor-size-sm\" href=\"http:\/\/guyatrad.fr\/index.php\/formulaire-de-contact\/\">\n\t\t\t\t\t\t<span class=\"elementor-button-content-wrapper\">\n\t\t\t\t\t\t\t\t\t<span class=\"elementor-button-text\">Nous contacter pour en savoir plus<\/span>\n\t\t\t\t\t<\/span>\n\t\t\t\t\t<\/a>\n\t\t\t\t<\/div>\n\t\t\t\t\t\t\t\t<\/div>\n\t\t\t\t<\/div>\n\t\t\t\t<\/div>\n\t\t\t\t<\/div>\n\t\t\t\t\t<\/div>\n\t\t\t\t<\/div>\n\t\t<div class=\"elementor-element elementor-element-248263a e-flex e-con-boxed e-con e-parent\" data-id=\"248263a\" data-element_type=\"container\" data-e-type=\"container\">\n\t\t\t\t\t<div class=\"e-con-inner\">\n\t\t\t\t<div class=\"elementor-element elementor-element-dacf0c9 elementor-widget elementor-widget-heading\" data-id=\"dacf0c9\" data-element_type=\"widget\" data-e-type=\"widget\" data-widget_type=\"heading.default\">\n\t\t\t\t<div class=\"elementor-widget-container\">\n\t\t\t\t\t<h2 class=\"elementor-heading-title elementor-size-default\">Avis Client<\/h2>\t\t\t\t<\/div>\n\t\t\t\t<\/div>\n\t\t\t\t<div class=\"elementor-element elementor-element-f7c7d12 elementor-widget-divider--view-line elementor-widget elementor-widget-divider\" data-id=\"f7c7d12\" data-element_type=\"widget\" data-e-type=\"widget\" data-widget_type=\"divider.default\">\n\t\t\t\t<div class=\"elementor-widget-container\">\n\t\t\t\t\t\t\t<div class=\"elementor-divider\">\n\t\t\t<span class=\"elementor-divider-separator\">\n\t\t\t\t\t\t<\/span>\n\t\t<\/div>\n\t\t\t\t\t\t<\/div>\n\t\t\t\t<\/div>\n\t\t\t\t<div class=\"elementor-element elementor-element-66f3f6d elementor-widget elementor-widget-text-editor\" data-id=\"66f3f6d\" data-element_type=\"widget\" data-e-type=\"widget\" data-widget_type=\"text-editor.default\">\n\t\t\t\t<div class=\"elementor-widget-container\">\n\t\t\t\t\t\t\t\t\t<p>\u00ab\u00a0Travail de qualit\u00e9 et professionnalisme au rendez-vous. Je recommande \u00e0 200%\u00a0\u00bb.<\/p>\n<p>M.N<\/p>\n<p><br><\/p><p><br><\/p>\t\t\t\t\t\t\t\t<\/div>\n\t\t\t\t<\/div>\n\t\t\t\t\t<\/div>\n\t\t\t\t<\/div>\n\t\t<div class=\"elementor-element elementor-element-16ed689 e-flex e-con-boxed e-con e-parent\" data-id=\"16ed689\" data-element_type=\"container\" data-e-type=\"container\" data-settings=\"{&quot;background_background&quot;:&quot;classic&quot;}\">\n\t\t\t\t\t<div class=\"e-con-inner\">\n\t\t\t\t<div class=\"elementor-element elementor-element-816dc98 elementor-widget elementor-widget-heading\" data-id=\"816dc98\" data-element_type=\"widget\" data-e-type=\"widget\" data-widget_type=\"heading.default\">\n\t\t\t\t<div class=\"elementor-widget-container\">\n\t\t\t\t\t<h2 class=\"elementor-heading-title elementor-size-default\">Des questions ? Un projet en particulier ? <\/h2>\t\t\t\t<\/div>\n\t\t\t\t<\/div>\n\t\t\t\t<div class=\"elementor-element elementor-element-743be35 elementor-widget elementor-widget-heading\" data-id=\"743be35\" data-element_type=\"widget\" data-e-type=\"widget\" data-widget_type=\"heading.default\">\n\t\t\t\t<div class=\"elementor-widget-container\">\n\t\t\t\t\t<h3 class=\"elementor-heading-title elementor-size-default\">N'h\u00e9sitez pas \u00e0 nous contacter<\/h3>\t\t\t\t<\/div>\n\t\t\t\t<\/div>\n\t\t\t\t<div class=\"elementor-element elementor-element-f067fd6 elementor-align-center elementor-widget elementor-widget-button\" data-id=\"f067fd6\" data-element_type=\"widget\" data-e-type=\"widget\" data-widget_type=\"button.default\">\n\t\t\t\t<div class=\"elementor-widget-container\">\n\t\t\t\t\t\t\t\t\t<div class=\"elementor-button-wrapper\">\n\t\t\t\t\t<a class=\"elementor-button elementor-button-link elementor-size-sm\" href=\"http:\/\/guyatrad.fr\/index.php\/contact\/\">\n\t\t\t\t\t\t<span class=\"elementor-button-content-wrapper\">\n\t\t\t\t\t\t\t\t\t<span class=\"elementor-button-text\">Formulaire de contact<\/span>\n\t\t\t\t\t<\/span>\n\t\t\t\t\t<\/a>\n\t\t\t\t<\/div>\n\t\t\t\t\t\t\t\t<\/div>\n\t\t\t\t<\/div>\n\t\t\t\t\t<\/div>\n\t\t\t\t<\/div>\n\t\t<div class=\"elementor-element elementor-element-b5b4ae1 e-flex e-con-boxed e-con e-parent\" data-id=\"b5b4ae1\" data-element_type=\"container\" data-e-type=\"container\">\n\t\t\t\t\t<div class=\"e-con-inner\">\n\t\t\t\t\t<\/div>\n\t\t\t\t<\/div>\n\t\t\t\t<\/div>\n\t\t","protected":false},"excerpt":{"rendered":"<p>Nos services Traductions certifi\u00e9es et libres Certifi\u00e9es Chez Guya&rsquo;Trad les traducteurs experts judiciaires asserment\u00e9s r\u00e9alisent la traduction certifi\u00e9e de vos documents juridiques, commerciaux, professionnels, etc. Les traductions certifi\u00e9es sont propos\u00e9es dans les langues arabes, en anglais, portugais, chinois, n\u00e9erlandais, cr\u00e9ole d\u2019Ha\u00efti, sranan tongo, espagnol, italien, allemand, ainsi que les langues du fleuve (Aluku \/ Ndjuka [&hellip;]<\/p>\n","protected":false},"author":1,"featured_media":0,"parent":0,"menu_order":0,"comment_status":"closed","ping_status":"closed","template":"","meta":{"site-sidebar-layout":"no-sidebar","site-content-layout":"page-builder","ast-site-content-layout":"full-width-container","site-content-style":"unboxed","site-sidebar-style":"unboxed","ast-global-header-display":"","ast-banner-title-visibility":"","ast-main-header-display":"","ast-hfb-above-header-display":"","ast-hfb-below-header-display":"","ast-hfb-mobile-header-display":"","site-post-title":"disabled","ast-breadcrumbs-content":"","ast-featured-img":"disabled","footer-sml-layout":"","ast-disable-related-posts":"","theme-transparent-header-meta":"enabled","adv-header-id-meta":"","stick-header-meta":"","header-above-stick-meta":"","header-main-stick-meta":"","header-below-stick-meta":"","astra-migrate-meta-layouts":"set","ast-page-background-enabled":"default","ast-page-background-meta":{"desktop":{"background-color":"var(--ast-global-color-4)","background-image":"","background-repeat":"repeat","background-position":"center center","background-size":"auto","background-attachment":"scroll","background-type":"","background-media":"","overlay-type":"","overlay-color":"","overlay-opacity":"","overlay-gradient":""},"tablet":{"background-color":"","background-image":"","background-repeat":"repeat","background-position":"center center","background-size":"auto","background-attachment":"scroll","background-type":"","background-media":"","overlay-type":"","overlay-color":"","overlay-opacity":"","overlay-gradient":""},"mobile":{"background-color":"","background-image":"","background-repeat":"repeat","background-position":"center center","background-size":"auto","background-attachment":"scroll","background-type":"","background-media":"","overlay-type":"","overlay-color":"","overlay-opacity":"","overlay-gradient":""}},"ast-content-background-meta":{"desktop":{"background-color":"var(--ast-global-color-5)","background-image":"","background-repeat":"repeat","background-position":"center center","background-size":"auto","background-attachment":"scroll","background-type":"","background-media":"","overlay-type":"","overlay-color":"","overlay-opacity":"","overlay-gradient":""},"tablet":{"background-color":"var(--ast-global-color-5)","background-image":"","background-repeat":"repeat","background-position":"center center","background-size":"auto","background-attachment":"scroll","background-type":"","background-media":"","overlay-type":"","overlay-color":"","overlay-opacity":"","overlay-gradient":""},"mobile":{"background-color":"var(--ast-global-color-5)","background-image":"","background-repeat":"repeat","background-position":"center center","background-size":"auto","background-attachment":"scroll","background-type":"","background-media":"","overlay-type":"","overlay-color":"","overlay-opacity":"","overlay-gradient":""}},"_themeisle_gutenberg_block_has_review":false,"footnotes":""},"class_list":["post-3605","page","type-page","status-publish","hentry"],"aioseo_notices":[],"_links":{"self":[{"href":"https:\/\/guyatrad.fr\/index.php\/wp-json\/wp\/v2\/pages\/3605","targetHints":{"allow":["GET"]}}],"collection":[{"href":"https:\/\/guyatrad.fr\/index.php\/wp-json\/wp\/v2\/pages"}],"about":[{"href":"https:\/\/guyatrad.fr\/index.php\/wp-json\/wp\/v2\/types\/page"}],"author":[{"embeddable":true,"href":"https:\/\/guyatrad.fr\/index.php\/wp-json\/wp\/v2\/users\/1"}],"replies":[{"embeddable":true,"href":"https:\/\/guyatrad.fr\/index.php\/wp-json\/wp\/v2\/comments?post=3605"}],"version-history":[{"count":44,"href":"https:\/\/guyatrad.fr\/index.php\/wp-json\/wp\/v2\/pages\/3605\/revisions"}],"predecessor-version":[{"id":4929,"href":"https:\/\/guyatrad.fr\/index.php\/wp-json\/wp\/v2\/pages\/3605\/revisions\/4929"}],"wp:attachment":[{"href":"https:\/\/guyatrad.fr\/index.php\/wp-json\/wp\/v2\/media?parent=3605"}],"curies":[{"name":"wp","href":"https:\/\/api.w.org\/{rel}","templated":true}]}}