{"id":1318,"date":"2021-11-21T15:14:19","date_gmt":"2021-11-21T15:14:19","guid":{"rendered":"https:\/\/guyatrad.fr\/index.php\/about\/"},"modified":"2025-02-07T17:10:55","modified_gmt":"2025-02-07T21:10:55","slug":"qui-sommes-nous","status":"publish","type":"page","link":"https:\/\/guyatrad.fr\/index.php\/qui-sommes-nous\/","title":{"rendered":"Qui sommes-nous?"},"content":{"rendered":"\t\t<div data-elementor-type=\"wp-page\" data-elementor-id=\"1318\" class=\"elementor elementor-1318\">\n\t\t\t\t<div class=\"elementor-element elementor-element-b485c57 e-transform e-flex e-con-boxed e-con e-parent\" data-id=\"b485c57\" data-element_type=\"container\" data-e-type=\"container\" data-settings=\"{&quot;background_background&quot;:&quot;classic&quot;,&quot;_transform_skewX_effect&quot;:{&quot;unit&quot;:&quot;px&quot;,&quot;size&quot;:&quot;&quot;,&quot;sizes&quot;:[]},&quot;_transform_skewX_effect_tablet&quot;:{&quot;unit&quot;:&quot;deg&quot;,&quot;size&quot;:&quot;&quot;,&quot;sizes&quot;:[]},&quot;_transform_skewX_effect_mobile&quot;:{&quot;unit&quot;:&quot;deg&quot;,&quot;size&quot;:&quot;&quot;,&quot;sizes&quot;:[]},&quot;_transform_skewY_effect&quot;:{&quot;unit&quot;:&quot;px&quot;,&quot;size&quot;:&quot;&quot;,&quot;sizes&quot;:[]},&quot;_transform_skewY_effect_tablet&quot;:{&quot;unit&quot;:&quot;deg&quot;,&quot;size&quot;:&quot;&quot;,&quot;sizes&quot;:[]},&quot;_transform_skewY_effect_mobile&quot;:{&quot;unit&quot;:&quot;deg&quot;,&quot;size&quot;:&quot;&quot;,&quot;sizes&quot;:[]}}\">\n\t\t\t\t\t<div class=\"e-con-inner\">\n\t\t\t\t<div class=\"elementor-element elementor-element-582eb7b elementor-widget elementor-widget-heading\" data-id=\"582eb7b\" data-element_type=\"widget\" data-e-type=\"widget\" data-widget_type=\"heading.default\">\n\t\t\t\t<div class=\"elementor-widget-container\">\n\t\t\t\t\t<h1 class=\"elementor-heading-title elementor-size-default\">Qui sommes-nous?<\/h1>\t\t\t\t<\/div>\n\t\t\t\t<\/div>\n\t\t\t\t\t<\/div>\n\t\t\t\t<\/div>\n\t\t<div class=\"elementor-element elementor-element-22825f3 e-flex e-con-boxed e-con e-parent\" data-id=\"22825f3\" data-element_type=\"container\" data-e-type=\"container\" data-settings=\"{&quot;background_background&quot;:&quot;classic&quot;}\">\n\t\t\t\t\t<div class=\"e-con-inner\">\n\t\t<div class=\"elementor-element elementor-element-96bd502 e-con-full e-flex e-con e-child\" data-id=\"96bd502\" data-element_type=\"container\" data-e-type=\"container\">\n\t\t\t\t<div class=\"elementor-element elementor-element-a3059cc elementor-widget-tablet__width-inherit elementor-widget elementor-widget-heading\" data-id=\"a3059cc\" data-element_type=\"widget\" data-e-type=\"widget\" data-widget_type=\"heading.default\">\n\t\t\t\t<div class=\"elementor-widget-container\">\n\t\t\t\t\t<h2 class=\"elementor-heading-title elementor-size-default\">Plus qu'une histoire de mots...<\/h2>\t\t\t\t<\/div>\n\t\t\t\t<\/div>\n\t\t\t\t<div class=\"elementor-element elementor-element-1707dfc elementor-widget elementor-widget-text-editor\" data-id=\"1707dfc\" data-element_type=\"widget\" data-e-type=\"widget\" data-widget_type=\"text-editor.default\">\n\t\t\t\t<div class=\"elementor-widget-container\">\n\t\t\t\t\t\t\t\t\t<p>Nous oeuvrons depuis F\u00e9vrier 2014 et en Janvier 2024 nous avons chang\u00e9 notre nom commercial et sommes devenus Guya&rsquo;Trad.&nbsp;<\/p>\t\t\t\t\t\t\t\t<\/div>\n\t\t\t\t<\/div>\n\t\t\t\t<div class=\"elementor-element elementor-element-4f74bc3 elementor-widget elementor-widget-text-editor\" data-id=\"4f74bc3\" data-element_type=\"widget\" data-e-type=\"widget\" data-widget_type=\"text-editor.default\">\n\t\t\t\t<div class=\"elementor-widget-container\">\n\t\t\t\t\t\t\t\t\t<p>Nos principaux domaines d&rsquo;activit\u00e9 sont la traduction certifi\u00e9e et libre, la relecture et la r\u00e9\u00e9criture ainsi que l&rsquo;interpr\u00e9tariat.\u00a0<\/p>\t\t\t\t\t\t\t\t<\/div>\n\t\t\t\t<\/div>\n\t\t\t\t<div class=\"elementor-element elementor-element-ef27828 elementor-widget elementor-widget-text-editor\" data-id=\"ef27828\" data-element_type=\"widget\" data-e-type=\"widget\" data-widget_type=\"text-editor.default\">\n\t\t\t\t<div class=\"elementor-widget-container\">\n\t\t\t\t\t\t\t\t\t<p>Le territoire de la Guyane \u00e9tant une v\u00e9ritable mosa\u00efque linguistique, sociale et culturelle, notre objectif est de satisfaire aux sp\u00e9cificit\u00e9s locales; nous souhaitons r\u00e9pondre aux besoins de la population ainsi qu&rsquo;\u00e0 ceux des diff\u00e9rents acteurs de la vie publique et priv\u00e9e.<\/p><p>Nos prestations sont principalement et majoritairement \u00e0 destination des professionnels; sur demande et apr\u00e8s examen de la requ\u00eate, Guya&rsquo;Trad peut \u00e9galement r\u00e9aliser des missions en faveur des particuliers.<\/p><p>Nos prestations sont disponibles en Guyane, aux Antilles et dans l&rsquo;hexagone et nous vous assurons un service de qualit\u00e9 aussi bien lors d&rsquo;\u00e9v\u00e9nements en pr\u00e9sentiel qu&rsquo;en distanciel.\u00a0<\/p>\t\t\t\t\t\t\t\t<\/div>\n\t\t\t\t<\/div>\n\t\t\t\t<div class=\"elementor-element elementor-element-650a9be elementor-widget elementor-widget-text-editor\" data-id=\"650a9be\" data-element_type=\"widget\" data-e-type=\"widget\" data-widget_type=\"text-editor.default\">\n\t\t\t\t<div class=\"elementor-widget-container\">\n\t\t\t\t\t\t\t\t\t<p>Chez Guya&rsquo;Trad c&rsquo;est plus qu&rsquo;une histoire de mots.\u00a0<span style=\"font-style: inherit; color: var( --e-global-color-astglobalcolor3 ); background-color: var( --e-global-color-astglobalcolor5 );\">Vous b\u00e9n\u00e9ficiez de prestations rigoureuses, asserment\u00e9es et de qualit\u00e9 ainsi que de services respectueux de vos donn\u00e9es.\u00a0<\/span><\/p><p>\u00a0<\/p>\t\t\t\t\t\t\t\t<\/div>\n\t\t\t\t<\/div>\n\t\t\t\t<\/div>\n\t\t\t\t\t<\/div>\n\t\t\t\t<\/div>\n\t\t<div class=\"elementor-element elementor-element-aac19e2 e-flex e-con-boxed e-con e-parent\" data-id=\"aac19e2\" data-element_type=\"container\" data-e-type=\"container\" data-settings=\"{&quot;background_background&quot;:&quot;classic&quot;}\">\n\t\t\t\t\t<div class=\"e-con-inner\">\n\t\t<div class=\"elementor-element elementor-element-1f7f824 e-flex e-con-boxed e-con e-child\" data-id=\"1f7f824\" data-element_type=\"container\" data-e-type=\"container\">\n\t\t\t\t\t<div class=\"e-con-inner\">\n\t\t\t\t<div class=\"elementor-element elementor-element-8a22b56 elementor-widget elementor-widget-heading\" data-id=\"8a22b56\" data-element_type=\"widget\" data-e-type=\"widget\" data-widget_type=\"heading.default\">\n\t\t\t\t<div class=\"elementor-widget-container\">\n\t\t\t\t\t<h2 class=\"elementor-heading-title elementor-size-default\">Chaque Client est unique...<\/h2>\t\t\t\t<\/div>\n\t\t\t\t<\/div>\n\t\t\t\t<div class=\"elementor-element elementor-element-70b1a4d elementor-widget elementor-widget-text-editor\" data-id=\"70b1a4d\" data-element_type=\"widget\" data-e-type=\"widget\" data-widget_type=\"text-editor.default\">\n\t\t\t\t<div class=\"elementor-widget-container\">\n\t\t\t\t\t\t\t\t\t<p>Chez Guya&rsquo;Trad nous consid\u00e9rons que chaque Client est unique et m\u00e9rite un travail rigoureux et de qualit\u00e9. \u00c0 ce titre nous veillons \u00e0 vous offrir un service personnalis\u00e9.<\/p>\t\t\t\t\t\t\t\t<\/div>\n\t\t\t\t<\/div>\n\t\t\t\t<div class=\"elementor-element elementor-element-153b68d elementor-widget elementor-widget-text-editor\" data-id=\"153b68d\" data-element_type=\"widget\" data-e-type=\"widget\" data-widget_type=\"text-editor.default\">\n\t\t\t\t<div class=\"elementor-widget-container\">\n\t\t\t\t\t\t\t\t\t<p>Nous priorisons des modes de contacts adapt\u00e9s, accessibles et s\u00fbrs.<\/p>\t\t\t\t\t\t\t\t<\/div>\n\t\t\t\t<\/div>\n\t\t\t\t<div class=\"elementor-element elementor-element-860199a elementor-widget elementor-widget-text-editor\" data-id=\"860199a\" data-element_type=\"widget\" data-e-type=\"widget\" data-widget_type=\"text-editor.default\">\n\t\t\t\t<div class=\"elementor-widget-container\">\n\t\t\t\t\t\t\t\t\t<p>La commune de Kourou est principalement au coeur de nos activit\u00e9s cependant nous \u00e9tendons \u00e9galement nos services \u00e0 l&rsquo;\u00eele de Cayenne, Matoury, Macouria, Sinnamary, etc. Nous d\u00e9livrons \u00e9galement des prestations aux Antilles et en France m\u00e9tropolitaine.\u00a0<\/p><p>\u00a0<\/p><p>\u00a0<\/p>\t\t\t\t\t\t\t\t<\/div>\n\t\t\t\t<\/div>\n\t\t\t\t\t<\/div>\n\t\t\t\t<\/div>\n\t\t\t\t\t<\/div>\n\t\t\t\t<\/div>\n\t\t<div class=\"elementor-element elementor-element-6c74fc8 e-flex e-con-boxed e-con e-parent\" data-id=\"6c74fc8\" data-element_type=\"container\" data-e-type=\"container\" data-settings=\"{&quot;background_background&quot;:&quot;classic&quot;}\">\n\t\t\t\t\t<div class=\"e-con-inner\">\n\t\t\t\t<div class=\"elementor-element elementor-element-3efd076 elementor-widget elementor-widget-heading\" data-id=\"3efd076\" data-element_type=\"widget\" data-e-type=\"widget\" data-widget_type=\"heading.default\">\n\t\t\t\t<div class=\"elementor-widget-container\">\n\t\t\t\t\t<h4 class=\"elementor-heading-title elementor-size-default\">Avis Client<\/h4>\t\t\t\t<\/div>\n\t\t\t\t<\/div>\n\t\t\t\t<div class=\"elementor-element elementor-element-c5d7443 elementor-widget-divider--view-line elementor-widget elementor-widget-divider\" data-id=\"c5d7443\" data-element_type=\"widget\" data-e-type=\"widget\" data-widget_type=\"divider.default\">\n\t\t\t\t<div class=\"elementor-widget-container\">\n\t\t\t\t\t\t\t<div class=\"elementor-divider\">\n\t\t\t<span class=\"elementor-divider-separator\">\n\t\t\t\t\t\t<\/span>\n\t\t<\/div>\n\t\t\t\t\t\t<\/div>\n\t\t\t\t<\/div>\n\t\t\t\t<div class=\"elementor-element elementor-element-ee7b3da elementor-widget elementor-widget-text-editor\" data-id=\"ee7b3da\" data-element_type=\"widget\" data-e-type=\"widget\" data-widget_type=\"text-editor.default\">\n\t\t\t\t<div class=\"elementor-widget-container\">\n\t\t\t\t\t\t\t\t\t<p>\u00ab\u00a0\u00c9quipe super professionnelle, s\u00e9rieuse et dynamique.&nbsp;<\/p><p>Rien \u00e0 reprocher\u00a0\u00bb<\/p>\n<p>N.B<\/p>\t\t\t\t\t\t\t\t<\/div>\n\t\t\t\t<\/div>\n\t\t\t\t<div class=\"elementor-element elementor-element-22ea1a4 elementor-align-center elementor-widget elementor-widget-button\" data-id=\"22ea1a4\" data-element_type=\"widget\" data-e-type=\"widget\" data-widget_type=\"button.default\">\n\t\t\t\t<div class=\"elementor-widget-container\">\n\t\t\t\t\t\t\t\t\t<div class=\"elementor-button-wrapper\">\n\t\t\t\t\t<a class=\"elementor-button elementor-button-link elementor-size-sm\" href=\"http:\/\/guyatrad.fr\/index.php\/formulaire-de-contact\/\">\n\t\t\t\t\t\t<span class=\"elementor-button-content-wrapper\">\n\t\t\t\t\t\t\t\t\t<span class=\"elementor-button-text\">Nous contacter <\/span>\n\t\t\t\t\t<\/span>\n\t\t\t\t\t<\/a>\n\t\t\t\t<\/div>\n\t\t\t\t\t\t\t\t<\/div>\n\t\t\t\t<\/div>\n\t\t\t\t\t<\/div>\n\t\t\t\t<\/div>\n\t\t\t\t<\/div>\n\t\t","protected":false},"excerpt":{"rendered":"<p>Qui sommes-nous? Plus qu&rsquo;une histoire de mots&#8230; Nous oeuvrons depuis F\u00e9vrier 2014 et en Janvier 2024 nous avons chang\u00e9 notre nom commercial et sommes devenus Guya&rsquo;Trad.&nbsp; Nos principaux domaines d&rsquo;activit\u00e9 sont la traduction certifi\u00e9e et libre, la relecture et la r\u00e9\u00e9criture ainsi que l&rsquo;interpr\u00e9tariat.\u00a0 Le territoire de la Guyane \u00e9tant une v\u00e9ritable mosa\u00efque linguistique, sociale [&hellip;]<\/p>\n","protected":false},"author":1,"featured_media":0,"parent":0,"menu_order":0,"comment_status":"closed","ping_status":"closed","template":"","meta":{"site-sidebar-layout":"no-sidebar","site-content-layout":"page-builder","ast-site-content-layout":"full-width-container","site-content-style":"unboxed","site-sidebar-style":"unboxed","ast-global-header-display":"","ast-banner-title-visibility":"","ast-main-header-display":"","ast-hfb-above-header-display":"","ast-hfb-below-header-display":"","ast-hfb-mobile-header-display":"","site-post-title":"disabled","ast-breadcrumbs-content":"","ast-featured-img":"disabled","footer-sml-layout":"","ast-disable-related-posts":"","theme-transparent-header-meta":"enabled","adv-header-id-meta":"","stick-header-meta":"","header-above-stick-meta":"","header-main-stick-meta":"","header-below-stick-meta":"","astra-migrate-meta-layouts":"set","ast-page-background-enabled":"default","ast-page-background-meta":{"desktop":{"background-color":"var(--ast-global-color-4)","background-image":"","background-repeat":"repeat","background-position":"center center","background-size":"auto","background-attachment":"scroll","background-type":"","background-media":"","overlay-type":"","overlay-color":"","overlay-opacity":"","overlay-gradient":""},"tablet":{"background-color":"","background-image":"","background-repeat":"repeat","background-position":"center center","background-size":"auto","background-attachment":"scroll","background-type":"","background-media":"","overlay-type":"","overlay-color":"","overlay-opacity":"","overlay-gradient":""},"mobile":{"background-color":"","background-image":"","background-repeat":"repeat","background-position":"center center","background-size":"auto","background-attachment":"scroll","background-type":"","background-media":"","overlay-type":"","overlay-color":"","overlay-opacity":"","overlay-gradient":""}},"ast-content-background-meta":{"desktop":{"background-color":"var(--ast-global-color-5)","background-image":"","background-repeat":"repeat","background-position":"center center","background-size":"auto","background-attachment":"scroll","background-type":"","background-media":"","overlay-type":"","overlay-color":"","overlay-opacity":"","overlay-gradient":""},"tablet":{"background-color":"var(--ast-global-color-5)","background-image":"","background-repeat":"repeat","background-position":"center center","background-size":"auto","background-attachment":"scroll","background-type":"","background-media":"","overlay-type":"","overlay-color":"","overlay-opacity":"","overlay-gradient":""},"mobile":{"background-color":"var(--ast-global-color-5)","background-image":"","background-repeat":"repeat","background-position":"center center","background-size":"auto","background-attachment":"scroll","background-type":"","background-media":"","overlay-type":"","overlay-color":"","overlay-opacity":"","overlay-gradient":""}},"_themeisle_gutenberg_block_has_review":false,"footnotes":""},"class_list":["post-1318","page","type-page","status-publish","hentry"],"aioseo_notices":[],"_links":{"self":[{"href":"https:\/\/guyatrad.fr\/index.php\/wp-json\/wp\/v2\/pages\/1318","targetHints":{"allow":["GET"]}}],"collection":[{"href":"https:\/\/guyatrad.fr\/index.php\/wp-json\/wp\/v2\/pages"}],"about":[{"href":"https:\/\/guyatrad.fr\/index.php\/wp-json\/wp\/v2\/types\/page"}],"author":[{"embeddable":true,"href":"https:\/\/guyatrad.fr\/index.php\/wp-json\/wp\/v2\/users\/1"}],"replies":[{"embeddable":true,"href":"https:\/\/guyatrad.fr\/index.php\/wp-json\/wp\/v2\/comments?post=1318"}],"version-history":[{"count":40,"href":"https:\/\/guyatrad.fr\/index.php\/wp-json\/wp\/v2\/pages\/1318\/revisions"}],"predecessor-version":[{"id":4936,"href":"https:\/\/guyatrad.fr\/index.php\/wp-json\/wp\/v2\/pages\/1318\/revisions\/4936"}],"wp:attachment":[{"href":"https:\/\/guyatrad.fr\/index.php\/wp-json\/wp\/v2\/media?parent=1318"}],"curies":[{"name":"wp","href":"https:\/\/api.w.org\/{rel}","templated":true}]}}